{"id":2634,"date":"2024-01-23T08:03:36","date_gmt":"2024-01-23T08:03:36","guid":{"rendered":"https:\/\/bachandnow.de\/privacy-policy\/"},"modified":"2024-08-13T15:30:17","modified_gmt":"2024-08-13T15:30:17","slug":"privacy-policy","status":"publish","type":"page","link":"https:\/\/bachandnow.de\/en\/privacy-policy\/","title":{"rendered":"Privacy Policy"},"content":{"rendered":"\t\t<div data-elementor-type=\"wp-page\" data-elementor-id=\"2634\" class=\"elementor elementor-2634 elementor-3\" data-elementor-post-type=\"page\">\n\t\t\t\t<div class=\"elementor-element elementor-element-62d75fba e-flex e-con-boxed e-con e-parent\" data-id=\"62d75fba\" data-element_type=\"container\" data-e-type=\"container\" data-settings=\"{&quot;jet_parallax_layout_list&quot;:[]}\">\n\t\t\t\t\t<div class=\"e-con-inner\">\n\t\t\t\t<div data-mscroll=\"{&quot;effects&quot;:[],&quot;fullDuration&quot;:1,&quot;fullDurationTablet&quot;:&quot;&quot;,&quot;fullDurationMobile&quot;:&quot;&quot;,&quot;repeat&quot;:0,&quot;perspective&quot;:&quot;&quot;,&quot;trigger&quot;:&quot;play&quot;,&quot;scrub&quot;:&quot;&quot;,&quot;scrubTablet&quot;:&quot;&quot;,&quot;scrubMobile&quot;:&quot;&quot;,&quot;playOffset&quot;:50,&quot;playRef&quot;:&quot;section&quot;,&quot;desktop&quot;:{&quot;action&quot;:&quot;none&quot;,&quot;lock&quot;:null,&quot;height&quot;:null},&quot;tablet&quot;:{&quot;action&quot;:&quot;none&quot;,&quot;lock&quot;:null,&quot;height&quot;:null},&quot;mobile&quot;:{&quot;action&quot;:&quot;none&quot;,&quot;lock&quot;:null,&quot;height&quot;:null}}\" class=\"pa-invisible elementor-element elementor-element-56bf1f0 premium-mscroll-yes premium-mscroll-sync-yes elementor-widget elementor-widget-heading\" data-id=\"56bf1f0\" data-element_type=\"widget\" data-e-type=\"widget\" data-widget_type=\"heading.default\">\n\t\t\t\t<div class=\"elementor-widget-container\">\n\t\t\t\t\t<h1 class=\"elementor-heading-title elementor-size-default\">Privacy Policy<\/h1>\t\t\t\t<\/div>\n\t\t\t\t<\/div>\n\t\t\t\t<div class=\"elementor-element elementor-element-2b572092 elementor-widget elementor-widget-text-editor\" data-id=\"2b572092\" data-element_type=\"widget\" data-e-type=\"widget\" data-widget_type=\"text-editor.default\">\n\t\t\t\t<div class=\"elementor-widget-container\">\n\t\t\t\t\t\t\t\t\t\n<div>\n<ol>\n<li>CONTROLLER<\/li>\n<\/ol>\n<p>Responsible for the processing of personal data on the website at www.bachandnow.de<\/p>\n<p>Bach & now! &#8211; Agathenburger Bachtage e.V.<br><br> <\/p>\n<p>(hereinafter: &#8220;Bach & now!&#8221; or &#8220;we&#8221;)<\/p>\n<p>Schloss Agathenburg<\/p>\n<p>Hauptstrasse<\/p>\n<p>D- 21684 Agathenburg<\/p>\n<p> <\/p>\n<p>E-mail: info@bachandnow.de<\/p>\n<p>Telephone: +49 (0)40 182 978 78<\/p>\n<p> <\/p>\n<ol start=\"2\">\n<li>PURPOSES OF THE PROCESSING OF PERSONAL DATA<\/li>\n<\/ol>\n<p>When you visit our website, the browser used on your device automatically sends information to the server of our website. This information is temporarily stored in a so-called log file. The following information is collected without any action on your part and stored until it is automatically deleted within a few days  <\/p>\n<ul>\n<li>IP address of the requesting computer<\/li>\n<li>Date and time of access<\/li>\n<li>Name and URL of the retrieved file<\/li>\n<li>Website from which the access was made (referrer URL)<\/li>\n<li>Browser used<\/li>\n<li>if applicable, the operating system of your computer<\/li>\n<li>if applicable, the name of your access provider<\/li>\n<\/ul>\n<p>The aforementioned data is processed by us for the following purposes:<\/p>\n<ul>\n<li>Ensuring a smooth connection to the website<\/li>\n<li>Ensuring a comfortable use of our website<\/li>\n<li>Analysing system security and stability<\/li>\n<li>For further administrative purposes<\/li>\n<\/ul>\n<p>The legal basis for data processing is Art. 6 para. 1 sentence 1 lit. f GDPR. Our legitimate interest follows from the data collection purposes listed above. Under no circumstances do we use the data collected for the purpose of drawing conclusions about your person.    <\/p>\n<p>If you have questions of any kind, we offer you the option of contacting us via the e-mail address provided info@bachandnow.de. If you make use of this option, the personal data you send with the e-mail will be stored. <\/p>\n<p>The legal basis for data processing for the purpose of contacting us is Art. 6 para. 1 lit. f GDPR. If the contact is aimed at the conclusion of a contract, the additional legal basis for the processing is Art. 6 para. 1 lit. b GDPR.     <\/p>\n<p>The personal data collected by us will be deleted after your enquiry has been dealt with.<\/p>\n<p> <\/p>\n<ol start=\"3\">\n<li>WEITERGABE VON DATEN<\/li>\n<\/ol>\n<p>Eine \u00dcbermittlung Ihrer pers\u00f6nlichen Daten an Dritte zu anderen als den im Folgenden aufgef\u00fchrten Zwecken findet nicht statt.<\/p>\n<p>Wir geben Ihre pers\u00f6nlichen Daten nur an Dritte weiter, wenn:<\/p>\n<ul>\n<li>Sie nach Art. 6 Abs. 1 S. 1 lit. a DSGVO Ihre ausdr\u00fcckliche Einwilligung dazu erteilt haben  <\/li>\n<li>die Weitergabe nach Art. 6 Abs. 1 S. 1 lit. f DSGVO zur Geltendmachung, Aus\u00fcbung oder Verteidigung von Rechtsanspr\u00fcchen erforderlich ist und kein Grund zur Annahme besteht, dass Sie ein \u00fcberwiegendes schutzw\u00fcrdiges Interesse an der Nichtweitergabe Ihrer Daten haben  <\/li>\n<li>f\u00fcr den Fall, dass f\u00fcr die Weitergabe nach Art. 6 Abs. 1 S. 1 lit. c DSGVO eine gesetzliche Verpflichtung besteht  <\/li>\n<li>dies gesetzlich zul\u00e4ssig und nach Art. 6 Abs. 1 S. 1 lit. b DSGVO f\u00fcr die Abwicklung von Vertragsverh\u00e4ltnissen mit Ihnen erforderlich ist.  <\/li>\n<\/ul>\n<p> <\/p>\n<ol start=\"4\">\n<li>COOKIES<\/li>\n<\/ol>\n<p>We use cookies. These are small files that your browser automatically creates and that are stored on your end device (laptop, tablet, smartphone, etc.) when you visit our website. <\/p>\n<p>Information is stored in the cookie that results in each case in connection with the specific end device used. However, this does not mean that we obtain direct knowledge of your identity. <\/p>\n<p>On the one hand, the use of cookies serves to make the use of our website more pleasant for you. For example, we use session cookies to recognise that you have already visited individual pages of our website. These are automatically deleted after you leave our site.  <\/p>\n<p>The data processed by cookies is required for the purposes mentioned to display our website and to safeguard our legitimate interests in accordance with Art. 6 para. 1 sentence 1 lit. b or lit. f GDPR.   <\/p>\n<p>Most browsers accept cookies automatically. However, you can configure your browser so that no cookies are stored on your computer or a message always appears before a new cookie is created. However, completely deactivating cookies may mean that you cannot use all the functions of our website.  <\/p>\n<p> <\/p>\n<ol start=\"5\">\n<li>RIGHTS OF DATA SUBJECTS<\/li>\n<\/ol>\n<p>You have the right:<\/p>\n<ul>\n<li>in accordance with Art. 15 GDPR, to request information about your personal data processed by us. In particular, you can request information about the purposes of processing, the category of personal data, the categories of recipients to whom your data has been or will be disclosed, the planned storage period, the existence of a right to rectification, erasure, restriction of processing or objection, the existence of a right to lodge a complaint, the origin of your data if it was not collected by us, as well as the existence of automated decision-making including profiling and, if applicable, meaningful information on its details in accordance with Art. 16 GDPR to demand the immediate rectification of incorrect or incomplete personal data stored by us <\/li>\n<li>in accordance with Art. 17 GDPR, to request the erasure of your personal data stored by us, unless the processing is necessary for exercising the right of freedom of expression and information, for compliance with a legal obligation, for reasons of public interest or for the establishment, exercise or defence of legal claims<br><br><\/li>\n<li>in accordance with Art. 18 GDPR, to demand the restriction of the processing of your personal data if the accuracy of the data is disputed by you, the processing is unlawful, but you refuse to delete it and we no longer need the data, but you need it to assert, exercise or defend legal claims or you have lodged an objection to the processing in accordance with Art. 21 GDPR<\/li>\n<li>in accordance with Art. 20 GDPR, to receive your personal data that you have provided to us in a structured, commonly used and machine-readable format or to request that it be transmitted to another controller<\/li>\n<li>in accordance with Art. 7 para. 3 GDPR, to revoke your consent to us at any time. As a result, we may no longer continue the data processing that was based on this consent in the future  <\/li>\n<li>gem\u00e4\u00df Art. 77 DSGVO sich bei einer Aufsichtsbeh\u00f6rde zu beschweren. In der Regel k\u00f6nnen Sie sich hierf\u00fcr an die Aufsichtsbeh\u00f6rde Ihres \u00fcblichen Aufenthaltsortes oder unseres Vereinssitzes wenden. <\/li>\n<\/ul>\n<p> <\/p>\n<ol start=\"6\">\n<li>RIGHT TO OBJECT<\/li>\n<\/ol>\n<p>If your personal data is processed on the basis of legitimate interests in accordance with Art. 6 para. 1 sentence 1 lit. f GDPR, you have the right to object to the processing of your personal data in accordance with Art. 21 GDPR, provided that there are reasons for this arising from your particular situation or the objection is directed against direct advertising.  <\/p>\n<p>In the latter case, you have a general right to object, which will be implemented by us without specifying a particular situation. If you wish to exercise your right of cancellation or objection, simply send an email to <a href=\"mailto:info@bachandnow.de\">info@bachandnow.de.<\/a> <\/p>\n<p> <\/p>\n<ol start=\"7\">\n<li>AMENDMENT OF THIS PRIVACY POLICY<\/li>\n<\/ol>\n<p>This privacy policy is currently valid and was last updated in June 2024. It may become necessary to amend this privacy policy as a result of the further development of our website and services or due to changes in legal or official requirements. You can access and print out the current privacy policy at any time on the website at <a href=\"https:\/\/www.bachandnow.de\/datenschutz\/\">https:\/\/www.bachandnow.de\/datenschutz\/<\/a> (please insert the correct link here).  <\/p>\n<\/div>\n<div> <\/div>\n\n<div id=\"awebChromeHelper\"> <\/div>\n<div id=\"awebChromeHelper\"> <\/div>\t\t\t\t\t\t\t\t<\/div>\n\t\t\t\t<\/div>\n\t\t\t\t\t<\/div>\n\t\t\t\t<\/div>\n\t\t\t\t<\/div>\n\t\t","protected":false},"excerpt":{"rendered":"<p>Privacy Policy CONTROLLER Responsible for the processing of personal data on the website at www.bachandnow.de Bach &#038; now! &#8211; Agathenburger Bachtage e.V. (hereinafter: &#8220;Bach &#038; now!&#8221; or &#8220;we&#8221;) Schloss Agathenburg Hauptstrasse D- 21684 Agathenburg E-mail: info@bachandnow.de Telephone: +49 (0)40 182 978 78 PURPOSES OF THE PROCESSING OF PERSONAL DATA When you visit our website, the [&hellip;]<\/p>\n","protected":false},"author":1,"featured_media":0,"parent":0,"menu_order":0,"comment_status":"closed","ping_status":"closed","template":"","meta":{"footnotes":""},"class_list":["post-2634","page","type-page","status-publish","hentry"],"_links":{"self":[{"href":"https:\/\/bachandnow.de\/en\/wp-json\/wp\/v2\/pages\/2634","targetHints":{"allow":["GET"]}}],"collection":[{"href":"https:\/\/bachandnow.de\/en\/wp-json\/wp\/v2\/pages"}],"about":[{"href":"https:\/\/bachandnow.de\/en\/wp-json\/wp\/v2\/types\/page"}],"author":[{"embeddable":true,"href":"https:\/\/bachandnow.de\/en\/wp-json\/wp\/v2\/users\/1"}],"replies":[{"embeddable":true,"href":"https:\/\/bachandnow.de\/en\/wp-json\/wp\/v2\/comments?post=2634"}],"version-history":[{"count":10,"href":"https:\/\/bachandnow.de\/en\/wp-json\/wp\/v2\/pages\/2634\/revisions"}],"predecessor-version":[{"id":2802,"href":"https:\/\/bachandnow.de\/en\/wp-json\/wp\/v2\/pages\/2634\/revisions\/2802"}],"wp:attachment":[{"href":"https:\/\/bachandnow.de\/en\/wp-json\/wp\/v2\/media?parent=2634"}],"curies":[{"name":"wp","href":"https:\/\/api.w.org\/{rel}","templated":true}]}}